{"id":1633,"date":"2023-05-24T09:18:00","date_gmt":"2023-05-24T09:18:00","guid":{"rendered":"https:\/\/www.bremetall.de\/?page_id=1633"},"modified":"2025-01-13T07:32:43","modified_gmt":"2025-01-13T06:32:43","slug":"impressum","status":"publish","type":"page","link":"https:\/\/www.bremetall.de\/impressum\/","title":{"rendered":"Mentions l\u00e9gales"},"content":{"rendered":"\t\t<div data-elementor-type=\"wp-page\" data-elementor-id=\"1633\" class=\"elementor elementor-1633\" data-elementor-post-type=\"page\">\n\t\t\t\t\t\t\t\t\t<section class=\"elementor-section elementor-top-section elementor-element elementor-element-38d3ecd4 elementor-section-full_width elementor-section-content-middle elementor-reverse-mobile elementor-section-height-min-height elementor-section-items-stretch ang-section-padding-initial elementor-section-height-default elementor-repeater-item-none elementor-repeater-item-none_hover\" data-id=\"38d3ecd4\" data-element_type=\"section\">\n\t\t\t\t\t\t<div class=\"elementor-container elementor-column-gap-no\">\n\t\t\t\t\t<div class=\"elementor-column elementor-col-100 elementor-top-column elementor-element elementor-element-7d078919 elementor-repeater-item-none elementor-repeater-item-none_hover\" data-id=\"7d078919\" data-element_type=\"column\">\n\t\t\t<div class=\"elementor-widget-wrap elementor-element-populated\">\n\t\t\t\t\t\t\t\t<div class=\"elementor-element elementor-element-a04a337 elementor-repeater-item-none elementor-repeater-item-none_hover elementor-widget elementor-widget-spacer\" data-id=\"a04a337\" data-element_type=\"widget\" data-widget_type=\"spacer.default\">\n\t\t\t\t<div class=\"elementor-widget-container\">\n\t\t\t<style>\/*! elementor - v3.16.0 - 09-10-2023 *\/\n.elementor-column .elementor-spacer-inner{height:var(--spacer-size)}.e-con{--container-widget-width:100%}.e-con-inner>.elementor-widget-spacer,.e-con>.elementor-widget-spacer{width:var(--container-widget-width,var(--spacer-size));--align-self:var(--container-widget-align-self,initial);--flex-shrink:0}.e-con-inner>.elementor-widget-spacer>.elementor-widget-container,.e-con>.elementor-widget-spacer>.elementor-widget-container{height:100%;width:100%}.e-con-inner>.elementor-widget-spacer>.elementor-widget-container>.elementor-spacer,.e-con>.elementor-widget-spacer>.elementor-widget-container>.elementor-spacer{height:100%}.e-con-inner>.elementor-widget-spacer>.elementor-widget-container>.elementor-spacer>.elementor-spacer-inner,.e-con>.elementor-widget-spacer>.elementor-widget-container>.elementor-spacer>.elementor-spacer-inner{height:var(--container-widget-height,var(--spacer-size))}.e-con-inner>.elementor-widget-spacer.elementor-widget-empty,.e-con>.elementor-widget-spacer.elementor-widget-empty{position:relative;min-height:22px;min-width:22px}.e-con-inner>.elementor-widget-spacer.elementor-widget-empty .elementor-widget-empty-icon,.e-con>.elementor-widget-spacer.elementor-widget-empty .elementor-widget-empty-icon{position:absolute;top:0;bottom:0;left:0;right:0;margin:auto;padding:0;width:22px;height:22px}<\/style>\t\t<div class=\"elementor-spacer\">\n\t\t\t<div class=\"elementor-spacer-inner\"><\/div>\n\t\t<\/div>\n\t\t\t\t<\/div>\n\t\t\t\t<\/div>\n\t\t\t\t<div class=\"elementor-element elementor-element-478c1ac elementor-repeater-item-none elementor-repeater-item-none_hover elementor-widget elementor-widget-text-editor\" data-id=\"478c1ac\" data-element_type=\"widget\" data-widget_type=\"text-editor.default\">\n\t\t\t\t<div class=\"elementor-widget-container\">\n\t\t\t<style>\/*! elementor - v3.16.0 - 09-10-2023 *\/\n.elementor-widget-text-editor.elementor-drop-cap-view-stacked .elementor-drop-cap{background-color:#69727d;color:#fff}.elementor-widget-text-editor.elementor-drop-cap-view-framed .elementor-drop-cap{color:#69727d;border:3px solid;background-color:transparent}.elementor-widget-text-editor:not(.elementor-drop-cap-view-default) .elementor-drop-cap{margin-top:8px}.elementor-widget-text-editor:not(.elementor-drop-cap-view-default) .elementor-drop-cap-letter{width:1em;height:1em}.elementor-widget-text-editor .elementor-drop-cap{float:left;text-align:center;line-height:1;font-size:50px}.elementor-widget-text-editor .elementor-drop-cap-letter{display:inline-block}<\/style>\t\t\t\t<p>Impressum<\/p>\t\t\t\t\t\t<\/div>\n\t\t\t\t<\/div>\n\t\t\t\t<div class=\"elementor-element elementor-element-6faab4b8 elementor-repeater-item-none elementor-repeater-item-none_hover elementor-invisible elementor-widget elementor-widget-text-editor\" data-id=\"6faab4b8\" data-element_type=\"widget\" data-settings=\"{&quot;_animation&quot;:&quot;fadeIn&quot;,&quot;_animation_delay&quot;:400}\" data-widget_type=\"text-editor.default\">\n\t\t\t\t<div class=\"elementor-widget-container\">\n\t\t\t\t\t\t\t<h3 class=\"card-text big-title\"><span class=\"text-deco-ie11\">Informations selon \u00a75 TMG:<\/span><\/h3><h5 class=\"card-text\">BREMETALL GmbH<\/h5><h5 class=\"card-text\">Sch\u00fcsselkorb 26\/27<\/h5><h5 class=\"card-text\">28195 Bremen<\/h5><h5 class=\"card-text\">Repr\u00e9sent\u00e9 par le g\u00e9rant Jesse Assanoh<\/h5><h3>\u00a0<\/h3><h3 class=\"card-text big-title\"><span class=\"text-deco-ie11\">Contact:<\/span><\/h3><h5 class=\"card-text\"><a href=\"mailto:info@bremetall.de\">info@bremetall.de <\/a><\/h5><h5 class=\"card-text\">T: 0421-40895890<\/h5><h5 class=\"card-text\">F: 0421-40895899<\/h5><h3>\u00a0<\/h3><h3 class=\"card-text\">Inscription au registre du commerce:<\/h3><h5 class=\"card-text\">Inscription au registre du commerce. Tribunal d&rsquo;instance de Br\u00eame, HRB 29466.<\/h5><h5 class=\"card-text\">Inscription au registre: DE 2944 20730<\/h5>\t\t\t\t\t\t<\/div>\n\t\t\t\t<\/div>\n\t\t\t\t<div class=\"elementor-element elementor-element-65811e1 elementor-repeater-item-none elementor-repeater-item-none_hover elementor-widget elementor-widget-spacer\" data-id=\"65811e1\" data-element_type=\"widget\" data-widget_type=\"spacer.default\">\n\t\t\t\t<div class=\"elementor-widget-container\">\n\t\t\t\t\t<div class=\"elementor-spacer\">\n\t\t\t<div class=\"elementor-spacer-inner\"><\/div>\n\t\t<\/div>\n\t\t\t\t<\/div>\n\t\t\t\t<\/div>\n\t\t\t\t\t<\/div>\n\t\t<\/div>\n\t\t\t\t\t\t\t<\/div>\n\t\t<\/section>\n\t\t\t\t<section class=\"elementor-section elementor-top-section elementor-element elementor-element-33410ed ang-section-padding-no elementor-section-boxed elementor-section-height-default elementor-section-height-default elementor-repeater-item-none elementor-repeater-item-none_hover\" data-id=\"33410ed\" data-element_type=\"section\">\n\t\t\t\t\t\t<div class=\"elementor-container elementor-column-gap-default\">\n\t\t\t\t\t<div class=\"elementor-column elementor-col-100 elementor-top-column elementor-element elementor-element-95e74db elementor-repeater-item-none elementor-repeater-item-none_hover\" data-id=\"95e74db\" data-element_type=\"column\">\n\t\t\t<div class=\"elementor-widget-wrap elementor-element-populated\">\n\t\t\t\t\t\t\t\t<section class=\"elementor-section elementor-inner-section elementor-element elementor-element-e60d9a5 elementor-section-boxed ang-section-padding-initial elementor-section-height-default elementor-section-height-default elementor-repeater-item-none elementor-repeater-item-none_hover\" data-id=\"e60d9a5\" data-element_type=\"section\" data-settings=\"{&quot;background_background&quot;:&quot;classic&quot;}\">\n\t\t\t\t\t\t<div class=\"elementor-container elementor-column-gap-default\">\n\t\t\t\t\t<div class=\"elementor-column elementor-col-50 elementor-inner-column elementor-element elementor-element-272009e elementor-repeater-item-none elementor-repeater-item-none_hover\" data-id=\"272009e\" data-element_type=\"column\">\n\t\t\t<div class=\"elementor-widget-wrap elementor-element-populated\">\n\t\t\t\t\t\t\t\t<div class=\"elementor-element elementor-element-7424527 elementor-repeater-item-none elementor-repeater-item-none_hover elementor-invisible elementor-widget elementor-widget-heading\" data-id=\"7424527\" data-element_type=\"widget\" data-settings=\"{&quot;_animation&quot;:&quot;fadeIn&quot;}\" data-widget_type=\"heading.default\">\n\t\t\t\t<div class=\"elementor-widget-container\">\n\t\t\t<style>\/*! elementor - v3.16.0 - 09-10-2023 *\/\n.elementor-heading-title{padding:0;margin:0;line-height:1}.elementor-widget-heading .elementor-heading-title[class*=elementor-size-]>a{color:inherit;font-size:inherit;line-height:inherit}.elementor-widget-heading .elementor-heading-title.elementor-size-small{font-size:15px}.elementor-widget-heading .elementor-heading-title.elementor-size-medium{font-size:19px}.elementor-widget-heading .elementor-heading-title.elementor-size-large{font-size:29px}.elementor-widget-heading .elementor-heading-title.elementor-size-xl{font-size:39px}.elementor-widget-heading .elementor-heading-title.elementor-size-xxl{font-size:59px}<\/style><h2 class=\"elementor-heading-title elementor-size-default\"><span class=\"elementor-heading-title elementor-size-default\" style=\"font-family: Poppins, sans-serif; font-weight: 600; line-height: 1.2em; color: rgb(5, 5, 5); font-size: 65px; text-transform: none; font-style: normal; text-decoration: none; letter-spacing: normal; word-spacing: 0px; white-space: normal;\">Chez nous, vous achetez de la performance.<\/span><\/h2>\t\t<\/div>\n\t\t\t\t<\/div>\n\t\t\t\t<div class=\"elementor-element elementor-element-3163a71 elementor-repeater-item-none elementor-repeater-item-none_hover elementor-invisible elementor-widget elementor-widget-text-editor\" data-id=\"3163a71\" data-element_type=\"widget\" data-settings=\"{&quot;_animation&quot;:&quot;fadeIn&quot;}\" data-widget_type=\"text-editor.default\">\n\t\t\t\t<div class=\"elementor-widget-container\">\n\t\t\t\t\t\t\t<p>Nous sommes l\u00e0 pour vous, du premier besoin jusqu&rsquo;\u00e0 ce que la marchandise soit en production chez vous. Demandez-nous.<\/p>\t\t\t\t\t\t<\/div>\n\t\t\t\t<\/div>\n\t\t\t\t<div class=\"elementor-element elementor-element-fcffc95 elementor-mobile-align-center elementor-tablet-align-center elementor-repeater-item-none elementor-repeater-item-none_hover elementor-widget elementor-widget-button\" data-id=\"fcffc95\" data-element_type=\"widget\" data-widget_type=\"button.default\">\n\t\t\t\t<div class=\"elementor-widget-container\">\n\t\t\t\t\t<div class=\"elementor-button-wrapper\">\n\t\t\t<a class=\"elementor-button elementor-button-link elementor-size-sm\" href=\"#\">\n\t\t\t\t\t\t<span class=\"elementor-button-content-wrapper\">\n\t\t\t\t\t\t<span class=\"elementor-button-text\">Laissez-nous d\u00e9placer les m\u00e9taux non ferreux<\/span>\n\t\t<\/span>\n\t\t\t\t\t<\/a>\n\t\t<\/div>\n\t\t\t\t<\/div>\n\t\t\t\t<\/div>\n\t\t\t\t\t<\/div>\n\t\t<\/div>\n\t\t\t\t<div class=\"elementor-column elementor-col-50 elementor-inner-column elementor-element elementor-element-436d304 elementor-repeater-item-none elementor-repeater-item-none_hover\" data-id=\"436d304\" data-element_type=\"column\">\n\t\t\t<div class=\"elementor-widget-wrap elementor-element-populated\">\n\t\t\t\t\t\t\t\t<div class=\"elementor-element elementor-element-103dd28 elementor-view-default elementor-repeater-item-none elementor-repeater-item-none_hover elementor-widget elementor-widget-icon\" data-id=\"103dd28\" data-element_type=\"widget\" data-widget_type=\"icon.default\">\n\t\t\t\t<div class=\"elementor-widget-container\">\n\t\t\t\t\t<div class=\"elementor-icon-wrapper\">\n\t\t\t<div class=\"elementor-icon\">\n\t\t\t<i aria-hidden=\"true\" class=\"fab fa-superpowers\"><\/i>\t\t\t<\/div>\n\t\t<\/div>\n\t\t\t\t<\/div>\n\t\t\t\t<\/div>\n\t\t\t\t\t<\/div>\n\t\t<\/div>\n\t\t\t\t\t\t\t<\/div>\n\t\t<\/section>\n\t\t\t\t\t<\/div>\n\t\t<\/div>\n\t\t\t\t\t\t\t<\/div>\n\t\t<\/section>\n\t\t\t\t\t\t\t<\/div>\n\t\t","protected":false},"excerpt":{"rendered":"<p>Impressum Angaben gem\u00e4\u00df \u00a75 TMG: BREMETALL GmbH Osterdeich 145 28205 Bremen Vertreten durch den Gesch\u00e4ftsf\u00fchrer Jesse Assanoh &nbsp; Kontakt: info@bremetall.de T: 0421-40895890 F: 0421-40895899 &nbsp; Registereintrag: Eintragung im Handelsregister. Amtsgericht Bremen, HRB 29466 &nbsp; Registereintrag: Registereintrag: DE 2944 20730 Bei uns kaufen Sie Leistung. Wir sind f\u00fcr Sie da vom ersten Bedarf bis die Ware [&hellip;]<\/p>\n","protected":false},"author":1,"featured_media":0,"parent":0,"menu_order":0,"comment_status":"closed","ping_status":"closed","template":"elementor_header_footer","meta":{"_monsterinsights_skip_tracking":false,"_monsterinsights_sitenote_active":false,"_monsterinsights_sitenote_note":"","_monsterinsights_sitenote_category":0},"yoast_head":"<!-- This site is optimized with the Yoast SEO Premium plugin v20.10 (Yoast SEO v21.3) - https:\/\/yoast.com\/wordpress\/plugins\/seo\/ -->\n<title>Mentions l\u00e9gales<\/title>\n<meta name=\"robots\" content=\"index, follow, max-snippet:-1, max-image-preview:large, max-video-preview:-1\" \/>\n<link rel=\"canonical\" href=\"https:\/\/www.bremetall.de\/impressum\/\" \/>\n<meta property=\"og:locale\" content=\"fr_FR\" \/>\n<meta property=\"og:type\" content=\"article\" \/>\n<meta property=\"og:title\" content=\"Mentions l\u00e9gales\" \/>\n<meta property=\"og:url\" content=\"https:\/\/www.bremetall.de\/impressum\/\" \/>\n<meta property=\"og:site_name\" content=\"Bremetall GmbH - Nous d\u00e9pla\u00e7ons le m\u00e9tal.\" \/>\n<meta property=\"article:modified_time\" content=\"2025-01-13T06:32:43+00:00\" \/>\n<meta name=\"twitter:card\" content=\"summary_large_image\" \/>\n<meta name=\"twitter:label1\" content=\"Dur\u00e9e de lecture estim\u00e9e\" \/>\n\t<meta name=\"twitter:data1\" content=\"1 minute\" \/>\n<script type=\"application\/ld+json\" class=\"yoast-schema-graph\">{\"@context\":\"https:\/\/schema.org\",\"@graph\":[{\"@type\":\"WebPage\",\"@id\":\"https:\/\/www.bremetall.de\/impressum\/\",\"url\":\"https:\/\/www.bremetall.de\/impressum\/\",\"name\":\"Impressum - Bremetall GmbH - Nous d\u00e9pla\u00e7ons le m\u00e9tal.\",\"isPartOf\":{\"@id\":\"https:\/\/www.bremetall.de\/#website\"},\"datePublished\":\"2023-05-24T09:18:00+00:00\",\"dateModified\":\"2025-01-13T06:32:43+00:00\",\"inLanguage\":\"fr-FR\",\"potentialAction\":[{\"@type\":\"ReadAction\",\"target\":[\"https:\/\/www.bremetall.de\/impressum\/\"]}]},{\"@type\":\"WebSite\",\"@id\":\"https:\/\/www.bremetall.de\/#website\",\"url\":\"https:\/\/www.bremetall.de\/\",\"name\":\"Bremetall GmbH - Nous d\u00e9pla\u00e7ons le m\u00e9tal.\",\"description\":\"Nous d\u00e9pla\u00e7ons le m\u00e9tal.\",\"publisher\":{\"@id\":\"https:\/\/www.bremetall.de\/#organization\"},\"potentialAction\":[{\"@type\":\"SearchAction\",\"target\":{\"@type\":\"EntryPoint\",\"urlTemplate\":\"https:\/\/www.bremetall.de\/?s={search_term_string}\"},\"query-input\":\"required name=search_term_string\"}],\"inLanguage\":\"fr-FR\"},{\"@type\":\"Organization\",\"@id\":\"https:\/\/www.bremetall.de\/#organization\",\"name\":\"Bremetall GmbH\",\"url\":\"https:\/\/www.bremetall.de\/\",\"logo\":{\"@type\":\"ImageObject\",\"inLanguage\":\"fr-FR\",\"@id\":\"https:\/\/www.bremetall.de\/#\/schema\/logo\/image\/\",\"url\":\"https:\/\/www.bremetall.de\/wp-content\/uploads\/2022\/11\/bremetall_LOGO.png\",\"contentUrl\":\"https:\/\/www.bremetall.de\/wp-content\/uploads\/2022\/11\/bremetall_LOGO.png\",\"width\":3853,\"height\":1629,\"caption\":\"Bremetall GmbH\"},\"image\":{\"@id\":\"https:\/\/www.bremetall.de\/#\/schema\/logo\/image\/\"}}]}<\/script>\n<!-- \/ Yoast SEO Premium plugin. -->","yoast_head_json":{"title":"Mentions l\u00e9gales","robots":{"index":"index","follow":"follow","max-snippet":"max-snippet:-1","max-image-preview":"max-image-preview:large","max-video-preview":"max-video-preview:-1"},"canonical":"https:\/\/www.bremetall.de\/impressum\/","og_locale":"fr_FR","og_type":"article","og_title":"Mentions l\u00e9gales","og_url":"https:\/\/www.bremetall.de\/impressum\/","og_site_name":"Bremetall GmbH - Nous d\u00e9pla\u00e7ons le m\u00e9tal.","article_modified_time":"2025-01-13T06:32:43+00:00","twitter_card":"summary_large_image","twitter_misc":{"Dur\u00e9e de lecture estim\u00e9e":"1 minute"},"schema":{"@context":"https:\/\/schema.org","@graph":[{"@type":"WebPage","@id":"https:\/\/www.bremetall.de\/impressum\/","url":"https:\/\/www.bremetall.de\/impressum\/","name":"Impressum - Bremetall GmbH - Nous d\u00e9pla\u00e7ons le m\u00e9tal.","isPartOf":{"@id":"https:\/\/www.bremetall.de\/#website"},"datePublished":"2023-05-24T09:18:00+00:00","dateModified":"2025-01-13T06:32:43+00:00","inLanguage":"fr-FR","potentialAction":[{"@type":"ReadAction","target":["https:\/\/www.bremetall.de\/impressum\/"]}]},{"@type":"WebSite","@id":"https:\/\/www.bremetall.de\/#website","url":"https:\/\/www.bremetall.de\/","name":"Bremetall GmbH - Nous d\u00e9pla\u00e7ons le m\u00e9tal.","description":"Nous d\u00e9pla\u00e7ons le m\u00e9tal.","publisher":{"@id":"https:\/\/www.bremetall.de\/#organization"},"potentialAction":[{"@type":"SearchAction","target":{"@type":"EntryPoint","urlTemplate":"https:\/\/www.bremetall.de\/?s={search_term_string}"},"query-input":"required name=search_term_string"}],"inLanguage":"fr-FR"},{"@type":"Organization","@id":"https:\/\/www.bremetall.de\/#organization","name":"Bremetall GmbH","url":"https:\/\/www.bremetall.de\/","logo":{"@type":"ImageObject","inLanguage":"fr-FR","@id":"https:\/\/www.bremetall.de\/#\/schema\/logo\/image\/","url":"https:\/\/www.bremetall.de\/wp-content\/uploads\/2022\/11\/bremetall_LOGO.png","contentUrl":"https:\/\/www.bremetall.de\/wp-content\/uploads\/2022\/11\/bremetall_LOGO.png","width":3853,"height":1629,"caption":"Bremetall GmbH"},"image":{"@id":"https:\/\/www.bremetall.de\/#\/schema\/logo\/image\/"}}]}},"_links":{"self":[{"href":"https:\/\/www.bremetall.de\/wp-json\/wp\/v2\/pages\/1633"}],"collection":[{"href":"https:\/\/www.bremetall.de\/wp-json\/wp\/v2\/pages"}],"about":[{"href":"https:\/\/www.bremetall.de\/wp-json\/wp\/v2\/types\/page"}],"author":[{"embeddable":true,"href":"https:\/\/www.bremetall.de\/wp-json\/wp\/v2\/users\/1"}],"replies":[{"embeddable":true,"href":"https:\/\/www.bremetall.de\/wp-json\/wp\/v2\/comments?post=1633"}],"version-history":[{"count":7,"href":"https:\/\/www.bremetall.de\/wp-json\/wp\/v2\/pages\/1633\/revisions"}],"predecessor-version":[{"id":4174,"href":"https:\/\/www.bremetall.de\/wp-json\/wp\/v2\/pages\/1633\/revisions\/4174"}],"wp:attachment":[{"href":"https:\/\/www.bremetall.de\/wp-json\/wp\/v2\/media?parent=1633"}],"curies":[{"name":"wp","href":"https:\/\/api.w.org\/{rel}","templated":true}]}}