{"id":4080,"date":"2024-12-23T19:19:25","date_gmt":"2024-12-23T18:19:25","guid":{"rendered":"https:\/\/www.bremetall.de\/?page_id=4080"},"modified":"2024-12-26T18:30:10","modified_gmt":"2024-12-26T17:30:10","slug":"c-16-ki-bot","status":"publish","type":"page","link":"https:\/\/www.bremetall.de\/c-16-ki-bot\/","title":{"rendered":"C-16 KI Bot"},"content":{"rendered":"\t\t<div data-elementor-type=\"wp-page\" data-elementor-id=\"4080\" class=\"elementor elementor-4080\" data-elementor-post-type=\"page\">\n\t\t\t\t\t\t\t\t\t<section class=\"elementor-section elementor-top-section elementor-element elementor-element-070aeef elementor-section-height-min-height elementor-section-items-stretch elementor-section-content-middle elementor-section-full_width ang-section-padding-initial elementor-section-height-default elementor-repeater-item-none elementor-repeater-item-none_hover\" data-id=\"070aeef\" data-element_type=\"section\" data-settings=\"{&quot;background_background&quot;:&quot;classic&quot;}\">\n\t\t\t\t\t\t\t<div class=\"elementor-background-overlay\"><\/div>\n\t\t\t\t\t\t\t<div class=\"elementor-container elementor-column-gap-no\">\n\t\t\t\t\t<div class=\"elementor-column elementor-col-100 elementor-top-column elementor-element elementor-element-77ae1be elementor-repeater-item-none elementor-repeater-item-none_hover\" data-id=\"77ae1be\" data-element_type=\"column\">\n\t\t\t<div class=\"elementor-widget-wrap elementor-element-populated\">\n\t\t\t\t\t\t\t\t<div class=\"elementor-element elementor-element-fa2373a elementor-widget__width-initial elementor-repeater-item-none elementor-repeater-item-none_hover elementor-invisible elementor-widget elementor-widget-heading\" data-id=\"fa2373a\" data-element_type=\"widget\" data-settings=\"{&quot;_animation&quot;:&quot;fadeIn&quot;}\" data-widget_type=\"heading.default\">\n\t\t\t\t<div class=\"elementor-widget-container\">\n\t\t\t<style>\/*! elementor - v3.16.0 - 09-10-2023 *\/\n.elementor-heading-title{padding:0;margin:0;line-height:1}.elementor-widget-heading .elementor-heading-title[class*=elementor-size-]>a{color:inherit;font-size:inherit;line-height:inherit}.elementor-widget-heading .elementor-heading-title.elementor-size-small{font-size:15px}.elementor-widget-heading .elementor-heading-title.elementor-size-medium{font-size:19px}.elementor-widget-heading .elementor-heading-title.elementor-size-large{font-size:29px}.elementor-widget-heading .elementor-heading-title.elementor-size-xl{font-size:39px}.elementor-widget-heading .elementor-heading-title.elementor-size-xxl{font-size:59px}<\/style><h1 class=\"elementor-heading-title elementor-size-default\">L'IA rencontre le m\u00e9tal<\/h1>\t\t<\/div>\n\t\t\t\t<\/div>\n\t\t\t\t<div class=\"elementor-element elementor-element-b0403ec elementor-widget__width-initial elementor-repeater-item-none elementor-repeater-item-none_hover elementor-invisible elementor-widget elementor-widget-heading\" data-id=\"b0403ec\" data-element_type=\"widget\" data-settings=\"{&quot;_animation&quot;:&quot;fadeIn&quot;}\" data-widget_type=\"heading.default\">\n\t\t\t\t<div class=\"elementor-widget-container\">\n\t\t\t<h5 class=\"elementor-heading-title elementor-size-default\">C-16 est un chatbot innovant bas\u00e9 sur l'intelligence artificielle et sp\u00e9cialement con\u00e7u pour le secteur de la m\u00e9tallurgie. Qu'il s'agisse de questions sur des produits, des calculs ou des th\u00e8mes g\u00e9n\u00e9raux, C-16 est \u00e0 tes c\u00f4t\u00e9s 24 heures sur 24 avec des r\u00e9ponses intelligentes. Pose ta question ou d\u00e9marre tout simplement une conversation!<\/h5>\t\t<\/div>\n\t\t\t\t<\/div>\n\t\t\t\t<div class=\"elementor-element elementor-element-389e7a2 elementor-widget__width-initial elementor-repeater-item-none elementor-repeater-item-none_hover elementor-widget elementor-widget-shortcode\" data-id=\"389e7a2\" data-element_type=\"widget\" data-widget_type=\"shortcode.default\">\n\t\t\t\t<div class=\"elementor-widget-container\">\n\t\t\t\t\t<div class=\"elementor-shortcode\"><style type=\"text\/css\">\r\n       .errordiv { padding:10px; margin:10px; border: 1px solid #555555;color: #000000;background-color: #f8f8f8; width:500px; }#advanced_iframe {visibility:visible;opacity:1;vertical-align:top;}.ai-info-bottom-iframe { position: fixed; z-index: 10000; bottom:0; left: 0; margin: 0px; text-align: center; width: 100%; background-color: #ff9999; padding-left: 5px;padding-bottom: 5px; border-top: 1px solid #aaa } a.ai-bold {font-weight: bold;}#ai-layer-div-advanced_iframe p {height:100%;margin:0;padding:0}<\/style><script type=\"text\/javascript\">var ai_iframe_width_advanced_iframe = 0;var ai_iframe_height_advanced_iframe = 0;function aiReceiveMessageadvanced_iframe(event) {  aiProcessMessage(event,\"advanced_iframe\", \"true\");}if (window.addEventListener) {  window.addEventListener(\"message\", aiReceiveMessageadvanced_iframe);} else if (el.attachEvent)  {  el.attachEvent(\"message\", aiReceiveMessageadvanced_iframe);}var aiIsIe8=false;var aiOnloadScrollTop=\"true\";var aiShowDebug=false;\r\n\t\tif (typeof aiReadyCallbacks === 'undefined') {\r\n\t\t\tvar aiReadyCallbacks = [];  \r\n\t\t} else if (!(aiReadyCallbacks instanceof Array)) {\r\n\t\t\tvar aiReadyCallbacks = [];\r\n\t\t}    function aiShowIframeId(id_iframe) { jQuery(\"#\"+id_iframe).css(\"visibility\", \"visible\");    }    function aiResizeIframeHeight(height) { aiResizeIframeHeight(height,advanced_iframe); }    function aiResizeIframeHeightId(height,width,id) {aiResizeIframeHeightById(id,height);}<\/script><iframe id=\"advanced_iframe\"  name=\"advanced_iframe\"  src=\"https:\/\/bremetall.am-produkte.com\/\"  width=\"100%\"  height=\"600\"  frameborder=\"0\"  allowtransparency=\"true\"  loading=\"lazy\"  style=\";width:100%;height:600px;\" ><\/iframe><script type=\"text\/javascript\">var ifrm_advanced_iframe = document.getElementById(\"advanced_iframe\");var hiddenTabsDoneadvanced_iframe = false;\r\nfunction resizeCallbackadvanced_iframe() {}<\/script><script type=\"text\/javascript\"><\/script><\/div>\n\t\t\t\t<\/div>\n\t\t\t\t<\/div>\n\t\t\t\t\t<\/div>\n\t\t<\/div>\n\t\t\t\t\t\t\t<\/div>\n\t\t<\/section>\n\t\t\t\t\t\t\t<\/div>\n\t\t","protected":false},"excerpt":{"rendered":"<p>KI trifft Metall C-16 ist ein innovativer Chatbot auf Basis k\u00fcnstlicher Intelligenz, der speziell f\u00fcr die metallverarbeitende Branche entwickelt wurde. Ob Fragen zu Produkten, Berechnungen oder allgemeine Themen &#8211; C-16 steht dir rund um die Uhr mit smarten Antworten zur Seite. Stelle deine Frage oder starte einfach eine Unterhaltung!<\/p>\n","protected":false},"author":2,"featured_media":0,"parent":0,"menu_order":0,"comment_status":"closed","ping_status":"closed","template":"","meta":{"_monsterinsights_skip_tracking":false,"_monsterinsights_sitenote_active":false,"_monsterinsights_sitenote_note":"","_monsterinsights_sitenote_category":0},"yoast_head":"<!-- This site is optimized with the Yoast SEO Premium plugin v20.10 (Yoast SEO v21.3) - https:\/\/yoast.com\/wordpress\/plugins\/seo\/ -->\n<title>C-16 KI Bot<\/title>\n<meta name=\"description\" content=\"KI trifft Metall C-16 ist ein innovativer Chatbot auf Basis k\u00fcnstlicher Intelligenz, der speziell f\u00fcr die metallverarbeitende Branche entwickelt wurde. Ob Fragen zu Produkten, Berechnungen oder allgemeine Themen - C-16 steht dir rund um die Uhr mit smarten Antworten zur Seite. Stelle deine Frage oder starte einfach eine Unterhaltung! [advanced_iframe src=&quot;https:\/\/bremetall.am-produkte.com\/&quot;]\" \/>\n<meta name=\"robots\" content=\"index, follow, max-snippet:-1, max-image-preview:large, max-video-preview:-1\" \/>\n<link rel=\"canonical\" href=\"https:\/\/www.bremetall.de\/c-16-ki-bot\/\" \/>\n<meta property=\"og:locale\" content=\"fr_FR\" \/>\n<meta property=\"og:type\" content=\"article\" \/>\n<meta property=\"og:title\" content=\"C-16 KI Bot\" \/>\n<meta property=\"og:description\" content=\"KI trifft Metall C-16 ist ein innovativer Chatbot auf Basis k\u00fcnstlicher Intelligenz, der speziell f\u00fcr die metallverarbeitende Branche entwickelt wurde. Ob Fragen zu Produkten, Berechnungen oder allgemeine Themen - C-16 steht dir rund um die Uhr mit smarten Antworten zur Seite. Stelle deine Frage oder starte einfach eine Unterhaltung! [advanced_iframe src=&quot;https:\/\/bremetall.am-produkte.com\/&quot;]\" \/>\n<meta property=\"og:url\" content=\"https:\/\/www.bremetall.de\/c-16-ki-bot\/\" \/>\n<meta property=\"og:site_name\" content=\"Bremetall GmbH - Nous d\u00e9pla\u00e7ons le m\u00e9tal.\" \/>\n<meta property=\"article:modified_time\" content=\"2024-12-26T17:30:10+00:00\" \/>\n<meta name=\"twitter:card\" content=\"summary_large_image\" \/>\n<meta name=\"twitter:label1\" content=\"Dur\u00e9e de lecture estim\u00e9e\" \/>\n\t<meta name=\"twitter:data1\" content=\"1 minute\" \/>\n<script type=\"application\/ld+json\" class=\"yoast-schema-graph\">{\"@context\":\"https:\/\/schema.org\",\"@graph\":[{\"@type\":\"WebPage\",\"@id\":\"https:\/\/www.bremetall.de\/c-16-ki-bot\/\",\"url\":\"https:\/\/www.bremetall.de\/c-16-ki-bot\/\",\"name\":\"C-16 KI Bot - Bremetall GmbH - Nous d\u00e9pla\u00e7ons le m\u00e9tal.\",\"isPartOf\":{\"@id\":\"https:\/\/www.bremetall.de\/#website\"},\"datePublished\":\"2024-12-23T18:19:25+00:00\",\"dateModified\":\"2024-12-26T17:30:10+00:00\",\"inLanguage\":\"fr-FR\",\"potentialAction\":[{\"@type\":\"ReadAction\",\"target\":[\"https:\/\/www.bremetall.de\/c-16-ki-bot\/\"]}]},{\"@type\":\"WebSite\",\"@id\":\"https:\/\/www.bremetall.de\/#website\",\"url\":\"https:\/\/www.bremetall.de\/\",\"name\":\"Bremetall GmbH - Nous d\u00e9pla\u00e7ons le m\u00e9tal.\",\"description\":\"Nous d\u00e9pla\u00e7ons le m\u00e9tal.\",\"publisher\":{\"@id\":\"https:\/\/www.bremetall.de\/#organization\"},\"potentialAction\":[{\"@type\":\"SearchAction\",\"target\":{\"@type\":\"EntryPoint\",\"urlTemplate\":\"https:\/\/www.bremetall.de\/?s={search_term_string}\"},\"query-input\":\"required name=search_term_string\"}],\"inLanguage\":\"fr-FR\"},{\"@type\":\"Organization\",\"@id\":\"https:\/\/www.bremetall.de\/#organization\",\"name\":\"Bremetall GmbH\",\"url\":\"https:\/\/www.bremetall.de\/\",\"logo\":{\"@type\":\"ImageObject\",\"inLanguage\":\"fr-FR\",\"@id\":\"https:\/\/www.bremetall.de\/#\/schema\/logo\/image\/\",\"url\":\"https:\/\/www.bremetall.de\/wp-content\/uploads\/2022\/11\/bremetall_LOGO.png\",\"contentUrl\":\"https:\/\/www.bremetall.de\/wp-content\/uploads\/2022\/11\/bremetall_LOGO.png\",\"width\":3853,\"height\":1629,\"caption\":\"Bremetall GmbH\"},\"image\":{\"@id\":\"https:\/\/www.bremetall.de\/#\/schema\/logo\/image\/\"}}]}<\/script>\n<!-- \/ Yoast SEO Premium plugin. -->","yoast_head_json":{"title":"C-16 KI Bot","description":"KI trifft Metall C-16 ist ein innovativer Chatbot auf Basis k\u00fcnstlicher Intelligenz, der speziell f\u00fcr die metallverarbeitende Branche entwickelt wurde. Ob Fragen zu Produkten, Berechnungen oder allgemeine Themen - C-16 steht dir rund um die Uhr mit smarten Antworten zur Seite. Stelle deine Frage oder starte einfach eine Unterhaltung! [advanced_iframe src=\"https:\/\/bremetall.am-produkte.com\/\"]","robots":{"index":"index","follow":"follow","max-snippet":"max-snippet:-1","max-image-preview":"max-image-preview:large","max-video-preview":"max-video-preview:-1"},"canonical":"https:\/\/www.bremetall.de\/c-16-ki-bot\/","og_locale":"fr_FR","og_type":"article","og_title":"C-16 KI Bot","og_description":"KI trifft Metall C-16 ist ein innovativer Chatbot auf Basis k\u00fcnstlicher Intelligenz, der speziell f\u00fcr die metallverarbeitende Branche entwickelt wurde. Ob Fragen zu Produkten, Berechnungen oder allgemeine Themen - C-16 steht dir rund um die Uhr mit smarten Antworten zur Seite. Stelle deine Frage oder starte einfach eine Unterhaltung! [advanced_iframe src=\"https:\/\/bremetall.am-produkte.com\/\"]","og_url":"https:\/\/www.bremetall.de\/c-16-ki-bot\/","og_site_name":"Bremetall GmbH - Nous d\u00e9pla\u00e7ons le m\u00e9tal.","article_modified_time":"2024-12-26T17:30:10+00:00","twitter_card":"summary_large_image","twitter_misc":{"Dur\u00e9e de lecture estim\u00e9e":"1 minute"},"schema":{"@context":"https:\/\/schema.org","@graph":[{"@type":"WebPage","@id":"https:\/\/www.bremetall.de\/c-16-ki-bot\/","url":"https:\/\/www.bremetall.de\/c-16-ki-bot\/","name":"C-16 KI Bot - Bremetall GmbH - Nous d\u00e9pla\u00e7ons le m\u00e9tal.","isPartOf":{"@id":"https:\/\/www.bremetall.de\/#website"},"datePublished":"2024-12-23T18:19:25+00:00","dateModified":"2024-12-26T17:30:10+00:00","inLanguage":"fr-FR","potentialAction":[{"@type":"ReadAction","target":["https:\/\/www.bremetall.de\/c-16-ki-bot\/"]}]},{"@type":"WebSite","@id":"https:\/\/www.bremetall.de\/#website","url":"https:\/\/www.bremetall.de\/","name":"Bremetall GmbH - Nous d\u00e9pla\u00e7ons le m\u00e9tal.","description":"Nous d\u00e9pla\u00e7ons le m\u00e9tal.","publisher":{"@id":"https:\/\/www.bremetall.de\/#organization"},"potentialAction":[{"@type":"SearchAction","target":{"@type":"EntryPoint","urlTemplate":"https:\/\/www.bremetall.de\/?s={search_term_string}"},"query-input":"required name=search_term_string"}],"inLanguage":"fr-FR"},{"@type":"Organization","@id":"https:\/\/www.bremetall.de\/#organization","name":"Bremetall GmbH","url":"https:\/\/www.bremetall.de\/","logo":{"@type":"ImageObject","inLanguage":"fr-FR","@id":"https:\/\/www.bremetall.de\/#\/schema\/logo\/image\/","url":"https:\/\/www.bremetall.de\/wp-content\/uploads\/2022\/11\/bremetall_LOGO.png","contentUrl":"https:\/\/www.bremetall.de\/wp-content\/uploads\/2022\/11\/bremetall_LOGO.png","width":3853,"height":1629,"caption":"Bremetall GmbH"},"image":{"@id":"https:\/\/www.bremetall.de\/#\/schema\/logo\/image\/"}}]}},"_links":{"self":[{"href":"https:\/\/www.bremetall.de\/wp-json\/wp\/v2\/pages\/4080"}],"collection":[{"href":"https:\/\/www.bremetall.de\/wp-json\/wp\/v2\/pages"}],"about":[{"href":"https:\/\/www.bremetall.de\/wp-json\/wp\/v2\/types\/page"}],"author":[{"embeddable":true,"href":"https:\/\/www.bremetall.de\/wp-json\/wp\/v2\/users\/2"}],"replies":[{"embeddable":true,"href":"https:\/\/www.bremetall.de\/wp-json\/wp\/v2\/comments?post=4080"}],"version-history":[{"count":79,"href":"https:\/\/www.bremetall.de\/wp-json\/wp\/v2\/pages\/4080\/revisions"}],"predecessor-version":[{"id":4163,"href":"https:\/\/www.bremetall.de\/wp-json\/wp\/v2\/pages\/4080\/revisions\/4163"}],"wp:attachment":[{"href":"https:\/\/www.bremetall.de\/wp-json\/wp\/v2\/media?parent=4080"}],"curies":[{"name":"wp","href":"https:\/\/api.w.org\/{rel}","templated":true}]}}